{"id":1532,"date":"2025-10-29T18:49:06","date_gmt":"2025-10-30T01:49:06","guid":{"rendered":"https:\/\/clavelinsurance.com\/?page_id=1532"},"modified":"2026-04-06T09:12:20","modified_gmt":"2026-04-06T16:12:20","slug":"agendar-cita","status":"publish","type":"page","link":"https:\/\/clavelinsurance.com\/eng\/agendar-cita\/","title":{"rendered":"Appointments"},"content":{"rendered":"<div class=\"brz brz-root__container brz-reset-all brz-root__container-page\">\n<section id=\"ugYWCsnLHLam_ugYWCsnLHLam\" class=\"brz-section brz-css-d-section brz-css-rtirei\">\n<div class=\"brz-section__content brz-section--boxed brz-css-d-sectionitem-bg brz-css-1cr60f\" data-brz-custom-id=\"fCFGsiFIdNTV\">\n<div class=\"brz-bg\">\n<div class=\"brz-bg-color\"><\/div>\n<\/div>\n<div class=\"brz-container brz-css-d-sectionitem-container brz-css-1pjmyef\">\n<div id=\"\" class=\"brz-css-d-wrapper brz-css-r-wrapper brz-css-1b9l8sg brz-wrapper\">\n<div class=\"brz-spacer brz-css-d-spacer brz-css-1mrgmub\"><\/div>\n<\/div>\n<div class=\"brz-row__container brz-css-d-row-row brz-css-37urb5\" data-brz-custom-id=\"rm0AZ6RndXEg\">\n<div class=\"brz-row brz-css-d-row-container brz-css-r-row-container brz-css-1itujnf\">\n<div class=\"brz-columns brz-css-d-column-column brz-css-1kzocox\" data-brz-custom-id=\"jjvKB5n_QqFw\">\n<div class=\"brz-column__items brz-css-d-column-bg brz-css-12f5yo8\">\n<div id=\"\" class=\"brz-css-d-wrapper brz-css-1mj8btx brz-wrapper\">\n<div class=\"brz-rich-text brz-rich-text__custom brz-css-d-richtext brz-css-3oag9s\" data-brz-custom-id=\"whgnWnmREHeW\">\n<div data-brz-translate-text=\"1\">\n<p class=\"brz-text-lg-center brz-mb-lg-10 brz-tp-lg-abovetitle brz-css-qGsBj\" data-generated-css=\"brz-css-m9YdS\" data-uniq-id=\"gcRbu\"><span class=\"brz-cp-color8\">AGENDA EN MINUTOS &#8211; \u00a1TU TIEMPO VALE!<\/span><\/p>\n<\/div>\n<\/div>\n<\/div>\n<div id=\"\" class=\"brz-css-d-wrapper brz-css-1gikicc brz-wrapper\">\n<div class=\"brz-rich-text brz-rich-text__custom brz-css-d-richtext brz-css-lh81qg\" data-brz-custom-id=\"s5nMzW8tnLjJ\">\n<div data-brz-translate-text=\"1\">\n<p class=\"brz-text-lg-center brz-tp-lg-heading1 brz-css-nl1AC\" data-generated-css=\"brz-css-esFe3\" data-uniq-id=\"gFLU4\"><span class=\"brz-cp-color4\">Book your appointment online or in person<\/span><\/p>\n<\/div>\n<\/div>\n<\/div>\n<div id=\"\" class=\"brz-css-d-wrapper brz-css-r-wrapper brz-css-1ncil3u brz-wrapper\">\n<div class=\"brz-spacer brz-css-d-spacer brz-css-1fpqh4y\"><\/div>\n<\/div>\n<\/div>\n<\/div>\n<\/div>\n<\/div>\n<\/div>\n<\/div>\n<\/section>\n<section id=\"k4invIMTUqMI_k4invIMTUqMI\" class=\"brz-section brz-css-d-section brz-css-1fo45u7\">\n<div class=\"brz-section__content brz-section--boxed brz-css-d-sectionitem-bg brz-css-1pp70ha\" data-brz-custom-id=\"fELF7vWFcz3Z\">\n<div class=\"brz-bg\">\n<div class=\"brz-bg-color\"><\/div>\n<\/div>\n<div class=\"brz-container brz-css-d-sectionitem-container brz-css-mcp5ja\">\n<div class=\"brz-row__container brz-css-d-row-row brz-css-1dwx211\" data-brz-custom-id=\"yD0O9iyaZSre\">\n<div class=\"brz-row brz-css-d-row-container brz-css-r-row-container brz-css-8v8ph3\">\n<div class=\"brz-columns brz-css-d-column-column brz-css-2va16n\" data-brz-custom-id=\"xTAvZahrnhaY\">\n<div class=\"brz-column__items brz-css-d-column-bg brz-css-4p32hh\">\n<div id=\"\" class=\"brz-css-d-wrapper brz-css-kefqbl brz-wrapper\">\n<div class=\"brz-rich-text brz-rich-text__custom brz-css-d-richtext brz-css-bfz09g\" data-brz-custom-id=\"moC8sio8cJw2\">\n<div data-brz-translate-text=\"1\">\n<h3 class=\"brz-tp-lg-heading3 brz-mb-xs-10 brz-css-o2w7a\" data-uniq-id=\"pkDD6\" data-generated-css=\"brz-css-u9_ua\"><span class=\"brz-cp-color2\">Skip the wait and schedule your appointment for in-person or remote service. Choose the service, date, and time that work best for you.<\/span><\/h3>\n<\/div>\n<\/div>\n<\/div>\n<div id=\"\" class=\"brz-css-d-wrapper brz-css-gzocf7 brz-wrapper\">\n<div data-brz-form-version=\"2\" class=\"brz-forms2 brz-css-d-form2-form brz-css-4wwwac\" data-brz-custom-id=\"h4UZYjgkbcrr\">\n<div data-brz-translate-text=\"1\" class=\"brz-forms2__item brz-css-d-form2fields-fields brz-css-hpt6m6 brz-css-d-form2field-field brz-css-1hgexkj\"><\/div>\n<div data-brz-translate-text=\"1\" class=\"brz-forms2__item brz-css-d-form2fields-fields brz-css-hpt6m6 brz-css-d-form2field-field brz-css-ce3re3\"><\/div>\n<div data-brz-translate-text=\"1\" class=\"brz-forms2__item brz-css-d-form2fields-fields brz-css-hpt6m6 brz-css-d-form2field-field brz-css-1whf8k0\"><\/div>\n<div data-brz-translate-text=\"1\" class=\"brz-forms2__item brz-css-d-form2fields-fields brz-css-hpt6m6 brz-css-d-form2field-field brz-css-127u62q\"><\/div>\n<div data-brz-translate-text=\"1\" class=\"brz-forms2__item brz-css-d-form2fields-fields brz-css-hpt6m6 brz-css-d-form2field-field brz-css-26o0ci\"><\/div>\n<div data-brz-translate-text=\"1\" class=\"brz-forms2__item brz-css-d-form2fields-fields brz-css-hpt6m6 brz-css-d-form2field-field brz-css-9kl378\">\n<div class=\"brz-forms2__field brz-forms2__field-select brz-forms2__field-select--multiple brz-css-d-form2fields-field_select brz-css-1cb0aj7\">Tipo de ServicioPreparaci\u00f3n de impuestosEnmiendas o problemas con el IRSSeguro de autoSeguro de hogarTr\u00e1mites de DMVServicios de notar\u00edaInmigraci\u00f3n \/ Green Card \/ DACAOtro<\/div>\n<\/div>\n<div data-brz-translate-text=\"1\" class=\"brz-forms2__item brz-css-d-form2fields-fields brz-css-hpt6m6 brz-css-d-form2field-field brz-css-1817k0i\">\n<div class=\"brz-forms2__field brz-forms2__field-select brz-css-d-form2fields-field_select brz-css-1cb0aj7\">\u00bfQue modalidad prefieres?En persona (en oficina)Atenci\u00f3n Remota<\/div>\n<\/div>\n<div data-brz-translate-text=\"1\" class=\"brz-forms2__item brz-css-d-form2fields-fields brz-css-hpt6m6 brz-css-d-form2field-field brz-css-1fimt2l\">\n<div class=\"brz-forms2__field brz-forms2__field-select brz-css-d-form2fields-field_select brz-css-1cb0aj7\">\u00bfEs tu primera vez?SiNo<\/div>\n<\/div>\n<div data-brz-translate-text=\"1\" class=\"brz-forms2__item brz-css-d-form2fields-fields brz-css-hpt6m6 brz-css-d-form2field-field brz-css-jr46x\"><textarea id=\"teme3GAc3oPf_3e59193becac42875bdc\" name=\"frOk7SkW6CeI\" data-brz-type=\"Paragraph\" data-brz-label=\"Mensaje\" data-brz-placeholder=\"Mensaje\" class=\"brz-textarea brz-forms2__field brz-forms2__field-paragraph\"><\/textarea><\/div>\n<div data-brz-translate-text=\"1\" class=\"brz-forms2__item brz-css-d-form2fields-fields brz-css-hpt6m6 brz-css-d-form2field-field brz-css-cl8yd8\">\n<div class=\"brz-forms2__field brz-forms2__checkbox\">\n<div class=\"brz-control__check-group brz-forms2__checkbox-options\" data-value=\"Option 1,Al marcar esta casilla y proporcionar mis datos, autorizo a CLAVEL INSURANCE SERVICES a contactarme con fines informativos y profesionales sobre nuestros servicios. Al hacer clic en &quot;ENVIAR&quot; acepto los T\u00e9rminos de la Pol\u00edtica de Privacidad y reconozco que la informaci\u00f3n proporcionada ser\u00e1 utilizada conforme a lo establecido.,Al marcar esta casilla y proporcionar mis datos, autorizo a CLAVEL INSURANCE SERVICES a contactarme con fines informativos, profesionales y de marketing relacionados con sus servicios. Acepto recibir llamadas, correos electr\u00f3nicos, mensajes de texto (SMS) y\/o WhatsApp, que pueden incluir recordatorios de citas, informaci\u00f3n de servicios, promociones o alertas. Frecuencia de mensajes: puede variar. Pueden aplicarse tarifas de mensajer\u00eda y datos seg\u00fan el plan de tu operador. Al hacer clic en \u201cENVIAR\u201d, acepto los T\u00e9rminos de la Pol\u00edtica de Privacidad y reconozco que mi informaci\u00f3n ser\u00e1 utilizada conforme a lo establecido.,Al proporcionar sus datos, usted autoriza a CLAVEL INSURANCE SERVICES a contactarlo v\u00eda llamadas, email o SMS para fines informativos y de marketing. Frecuencia de mensajes var\u00eda. Pueden aplicarse tarifas de mensajes y datos. Responda 'STOP' para cancelar en cualquier momento.,He le\u00eddo y acepto los T\u00e9rminos y la Pol\u00edtica de Privacidad de Clavel Insurance Services.,He le\u00eddo y acepto la Pol\u00edtica de Privacidad y los T\u00e9rminos de Servicio de Clavel Insurance Services.,He le\u00eddo y acepto la Pol\u00edtica de Privacidad y los T\u00e9rminos&nbsp; de Clavel Insurance Services.,\">\n<div data-brz-translate-text=\"1\" class=\"brz-control__check-group-option brz-forms2__checkbox-option\"><label class=\"brz-label\" for=\"ueFwPoePVrns_bf5aa342002919593ca1\"><\/p>\n<div class=\"brz-control__check-group-icon brz-control__check-group--check\"><\/div>\n<div class=\"brz-control__check-group-icon brz-control__check-group--uncheck\"><\/div>\n<p><span class=\"brz-forms2__checkbox-option-name brz-span\">I consent to receive SMS messages from CLAVEL INSURANCE SERVICES for account notifications, customer care, and marketing. Message frequency may vary. Message and data rates may apply. Reply HELP for help or STOP to opt-out at any time.<\/span><\/label><\/div>\n<\/div>\n<\/div>\n<\/div>\n<div data-brz-translate-text=\"1\" class=\"brz-forms2__item brz-css-d-form2fields-fields brz-css-hpt6m6 brz-css-d-form2field-field brz-css-1bl5jmc\">\n<div class=\"brz-forms2__field brz-forms2__checkbox\">\n<div class=\"brz-control__check-group brz-forms2__checkbox-options\" data-value=\"Option 1,Al marcar esta casilla y proporcionar mis datos, autorizo a CLAVEL INSURANCE SERVICES a contactarme con fines informativos y profesionales sobre nuestros servicios. Al hacer clic en &quot;ENVIAR&quot; acepto los T\u00e9rminos de la Pol\u00edtica de Privacidad y reconozco que la informaci\u00f3n proporcionada ser\u00e1 utilizada conforme a lo establecido.,Al marcar esta casilla y proporcionar mis datos, autorizo a CLAVEL INSURANCE SERVICES a contactarme con fines informativos, profesionales y de marketing relacionados con sus servicios. Acepto recibir llamadas, correos electr\u00f3nicos, mensajes de texto (SMS) y\/o WhatsApp, que pueden incluir recordatorios de citas, informaci\u00f3n de servicios, promociones o alertas. Frecuencia de mensajes: puede variar. Pueden aplicarse tarifas de mensajer\u00eda y datos seg\u00fan el plan de tu operador. Al hacer clic en \u201cENVIAR\u201d, acepto los T\u00e9rminos de la Pol\u00edtica de Privacidad y reconozco que mi informaci\u00f3n ser\u00e1 utilizada conforme a lo establecido.,Al proporcionar sus datos, usted autoriza a CLAVEL INSURANCE SERVICES a contactarlo v\u00eda llamadas, email o SMS para fines informativos y de marketing. Frecuencia de mensajes var\u00eda. Pueden aplicarse tarifas de mensajes y datos. Responda 'STOP' para cancelar en cualquier momento.,He le\u00eddo y acepto los T\u00e9rminos y la Pol\u00edtica de Privacidad de Clavel Insurance Services.,He le\u00eddo y acepto la Pol\u00edtica de Privacidad y los T\u00e9rminos de Servicio de Clavel Insurance Services.,Doy mi consentimiento para recibir mensajes SMS de CLAVEL INSURANCE SERVICES para notificaciones de cuenta, atenci\u00f3n al cliente y marketing. La frecuencia de los mensajes puede variar. Pueden aplicarse cargos por mensajes y datos. Env\u00ede HELP para obtener ayuda o STOP para darse de baja en cualquier momento.,\">\n<div data-brz-translate-text=\"1\" class=\"brz-control__check-group-option brz-forms2__checkbox-option\"><label class=\"brz-label\" for=\"pNyhzfnPqGEy_8eb4e5beccf5650a7a39\"><\/p>\n<div class=\"brz-control__check-group-icon brz-control__check-group--check\"><\/div>\n<div class=\"brz-control__check-group-icon brz-control__check-group--uncheck\"><\/div>\n<p><a class=\"brz-a brz-forms2__checkbox-option-name brz-a brz-underline-on\" target=\"_self\" rel=\"noopener\" href=\"https:\/\/clavelinsurance.com\/wp-content\/uploads\/2026\/03\/Privacy_Policy_Terms_Conditions_Clavel__ENG.pdf\" data-brz-link-type=\"external\">I have read and agree to the Privacy Policy and Terms and Conditions of Clavel Insurance Services.<\/a><\/label><\/div>\n<\/div>\n<\/div>\n<\/div>\n<div class=\"brz-forms2 brz-forms2__item brz-forms2__item-button\" data-brz-custom-id=\"h4UZYjgkbcrr\"><button class=\"brz-btn brz-btn-submit brz-css-d-button-bg brz-css-1va92sa\" data-brz-custom-id=\"txgh033JtrJy\"><span data-brz-translate-text=\"1\" class=\"brz-span brz-text__editor\">CONFIRM APPOINTMENT<\/span><\/button><\/div>\n<div class=\"brz-forms2__messages brz-css-d-form2-messages\"><\/div>\n<div class=\"brz-g-recaptcha\" data-sitekey=\"\" data-size=\"invisible\" data-callback=\"brzFormV2Captcha\"><\/div>\n<\/div>\n<\/div>\n<\/div>\n<\/div>\n<\/div>\n<\/div>\n<\/div>\n<\/div>\n<\/section>\n<section id=\"pi0DiK7SKbgS_pi0DiK7SKbgS\" class=\"brz-section brz-css-d-section brz-css-mp9vs0\">\n<div class=\"brz-section__content brz-section--boxed brz-css-d-sectionitem-bg brz-css-poumcm\" data-brz-custom-id=\"d0sBg4EIn6Nz\">\n<div class=\"brz-bg\">\n<div class=\"brz-bg-color\"><\/div>\n<\/div>\n<div class=\"brz-container brz-css-d-sectionitem-container brz-css-1jzfwpt\">\n<div id=\"\" class=\"brz-css-d-wrapper brz-css-gnkh8w brz-wrapper\">\n<div class=\"brz-rich-text brz-rich-text__custom brz-css-d-richtext brz-css-1f6qsgs\" data-brz-custom-id=\"pt66SCnCApCf\">\n<div data-brz-translate-text=\"1\">\n<h1 class=\"brz-tp-lg-heading1 brz-text-lg-center brz-tp-xs-heading1 brz-css-g8Crl\" data-generated-css=\"brz-css-pPyTC\" data-uniq-id=\"etEVx\"><span class=\"brz-cp-color2\">Have questions or prefer to book by phone?<\/span><\/h1>\n<\/div>\n<\/div>\n<\/div>\n<div id=\"\" class=\"brz-css-d-wrapper brz-css-r-wrapper brz-css-1irkeu4 brz-wrapper\">\n<div class=\"brz-spacer brz-css-d-spacer brz-css-gr2u87\"><\/div>\n<\/div>\n<div id=\"\" class=\"brz-css-d-wrapper brz-css-pwl447 brz-wrapper\">\n<div class=\"brz-rich-text brz-rich-text__custom brz-css-d-richtext brz-css-oxfpl6\" data-brz-custom-id=\"j8Dbu_dR5qGX\">\n<div data-brz-translate-text=\"1\">\n<p class=\"brz-text-lg-center brz-tp-lg-subtitle brz-tp-xs-subtitle brz-css-hWdpc\" data-generated-css=\"brz-css-hdKvL\" data-uniq-id=\"lfhTL\"><span class=\"brz-cp-color7\">We\u2019re just a call away! Our team will help you choose the best time and service for your needs.<\/span><\/p>\n<\/div>\n<\/div>\n<\/div>\n<div id=\"\" class=\"brz-css-d-wrapper brz-css-r-wrapper brz-css-xg0ut0 brz-wrapper\">\n<div class=\"brz-spacer brz-css-d-spacer brz-css-ea6u2v\"><\/div>\n<\/div>\n<div class=\"brz-row__container brz-css-d-row-row brz-css-1e6ob89\" data-brz-custom-id=\"mM4yduw5EbvA\">\n<div class=\"brz-row brz-css-d-row-container brz-css-177xjkt\">\n<div class=\"brz-columns brz-css-d-column-column brz-css-8sm964\" data-brz-custom-id=\"iA58eDtIwQij\">\n<div class=\"brz-column__items brz-css-d-column-bg brz-css-1uzzceg\">\n<div class=\"brz-wrapper-clone brz-flex-xs-wrap brz-css-d-cloneable brz-css-axum57\" data-brz-custom-id=\"cvqpSahaCnzG\"><a class=\"brz-a brz-btn brz-css-d-button brz-css-1huitsf brz-css-d-button-bg brz-css-1qu8v3u\" target=\"_self\" rel=\"noopener\" href=\"tel:+14242731897\" data-brz-link-type=\"external\" data-brz-custom-id=\"mXIMhPRIb70s\"><span data-brz-translate-text=\"1\" class=\"brz-span brz-text__editor\">(424) 273-1897<\/span><\/a><\/div>\n<\/div>\n<\/div>\n<div class=\"brz-columns brz-css-d-column-column brz-css-2ngt68\" data-brz-custom-id=\"mM3bQy03MsYv\">\n<div class=\"brz-column__items brz-css-d-column-bg brz-css-1lthter\">\n<div class=\"brz-wrapper-clone brz-flex-xs-wrap brz-css-d-cloneable brz-css-whxjw3\" data-brz-custom-id=\"ui6rlXdfr5Fq\"><a class=\"brz-a brz-btn brz-css-d-button brz-css-1cw18z4 brz-css-d-button-bg brz-css-43nx0a\" target=\"_self\" rel=\"noopener\" href=\"tel:+13109266355\" data-brz-link-type=\"external\" data-brz-custom-id=\"p0bb0APHQ9Hh\"><span data-brz-translate-text=\"1\" class=\"brz-span brz-text__editor\">(310) 926-6355<\/span><\/a><\/div>\n<\/div>\n<\/div>\n<\/div>\n<\/div>\n<div id=\"\" class=\"brz-css-d-wrapper brz-css-1w1m0rd brz-wrapper\">\n<div class=\"brz-line brz-line-default brz-css-d-line brz-css-r9dzf\" data-brz-custom-id=\"x9JsKMCs0uhd\">\n<hr class=\"brz-hr\"><\/div>\n<\/div>\n<div id=\"\" class=\"brz-css-d-wrapper brz-css-p4g23d brz-wrapper\">\n<div class=\"brz-rich-text brz-rich-text__custom brz-css-d-richtext brz-css-1aiqp18\" data-brz-custom-id=\"t6rqMq5OV1s1\">\n<div data-brz-translate-text=\"1\">\n<p class=\"brz-text-lg-center brz-tp-lg-paragraph brz-css-olBqB\" data-uniq-id=\"ltnvu\" data-generated-css=\"brz-css-bMxC0\"><a class=\"link--external brz-cp-color2\" href=\"https:\/\/maps.app.goo.gl\/d5YabJwBqgCqyqzx8\" data-brz-link-type=\"external\">11919 Santa Monica Blvd, West Los Angeles, CA. 90025.<\/a><\/p>\n<\/div>\n<\/div>\n<\/div>\n<\/div>\n<\/div>\n<\/section><\/div>\n<p><!-- version:1773944681 --><\/p>","protected":false},"excerpt":{"rendered":"<p>AGENDA EN MINUTOS &#8211; \u00a1TU TIEMPO VALE! Agenda tu cita en l\u00ednea o presencial Evita la espera y agenda una cita para ser atendido de manera personal o remota. Selecciona el servicio, la fecha y la hora que mejor te acomoden. Tipo de ServicioPreparaci\u00f3n de impuestosEnmiendas o problemas con el IRSSeguro de autoSeguro de hogarTr\u00e1mites&hellip;&nbsp;<\/p>","protected":false},"author":1,"featured_media":882,"parent":0,"menu_order":0,"comment_status":"closed","ping_status":"closed","template":"brizy-blank-template.php","meta":{"neve_meta_sidebar":"","neve_meta_container":"","neve_meta_enable_content_width":"","neve_meta_content_width":0,"neve_meta_title_alignment":"","neve_meta_author_avatar":"","neve_post_elements_order":"","neve_meta_disable_header":"","neve_meta_disable_footer":"","neve_meta_disable_title":"","footnotes":""},"class_list":["post-1532","page","type-page","status-publish","has-post-thumbnail","hentry"],"yoast_head":"<!-- This site is optimized with the Yoast SEO plugin v27.4 - https:\/\/yoast.com\/product\/yoast-seo-wordpress\/ -->\n<title>Agendar Cita | Impuestos, Seguros y DMV en West Los \u00c1ngeles<\/title>\n<meta name=\"description\" content=\"Agenda tu cita en l\u00ednea o presencial con Clavel Insurance Services. Recibe atenci\u00f3n personalizada en impuestos, seguros y tr\u00e1mites DMV\" \/>\n<meta name=\"robots\" content=\"index, follow, max-snippet:-1, max-image-preview:large, max-video-preview:-1\" \/>\n<link rel=\"canonical\" href=\"https:\/\/clavelinsurance.com\/eng\/agendar-cita\/\" \/>\n<meta property=\"og:locale\" content=\"en_US\" \/>\n<meta property=\"og:type\" content=\"article\" \/>\n<meta property=\"og:title\" content=\"Agendar Cita | Impuestos, Seguros y DMV en West Los \u00c1ngeles\" \/>\n<meta property=\"og:description\" content=\"Agenda tu cita en l\u00ednea o presencial con Clavel Insurance Services. Recibe atenci\u00f3n personalizada en impuestos, seguros y tr\u00e1mites DMV\" \/>\n<meta property=\"og:url\" content=\"https:\/\/clavelinsurance.com\/eng\/agendar-cita\/\" \/>\n<meta property=\"og:site_name\" content=\"Clavel Insurance\" \/>\n<meta property=\"article:modified_time\" content=\"2026-04-06T16:12:20+00:00\" \/>\n<meta property=\"og:image\" content=\"https:\/\/clavelinsurance.com\/wp-content\/uploads\/2025\/09\/7.png\" \/>\n\t<meta property=\"og:image:width\" content=\"2000\" \/>\n\t<meta property=\"og:image:height\" content=\"1600\" \/>\n\t<meta property=\"og:image:type\" content=\"image\/png\" \/>\n<meta name=\"twitter:card\" content=\"summary_large_image\" \/>\n<meta name=\"twitter:label1\" content=\"Est. reading time\" \/>\n\t<meta name=\"twitter:data1\" content=\"1 minute\" \/>\n<script type=\"application\/ld+json\" class=\"yoast-schema-graph\">{\"@context\":\"https:\\\/\\\/schema.org\",\"@graph\":[{\"@type\":\"WebPage\",\"@id\":\"https:\\\/\\\/clavelinsurance.com\\\/agendar-cita\\\/\",\"url\":\"https:\\\/\\\/clavelinsurance.com\\\/agendar-cita\\\/\",\"name\":\"Agendar Cita | Impuestos, Seguros y DMV en West Los \u00c1ngeles\",\"isPartOf\":{\"@id\":\"https:\\\/\\\/clavelinsurance.com\\\/#website\"},\"primaryImageOfPage\":{\"@id\":\"https:\\\/\\\/clavelinsurance.com\\\/agendar-cita\\\/#primaryimage\"},\"image\":{\"@id\":\"https:\\\/\\\/clavelinsurance.com\\\/agendar-cita\\\/#primaryimage\"},\"thumbnailUrl\":\"https:\\\/\\\/clavelinsurance.com\\\/wp-content\\\/uploads\\\/2025\\\/09\\\/7.png\",\"datePublished\":\"2025-10-30T01:49:06+00:00\",\"dateModified\":\"2026-04-06T16:12:20+00:00\",\"description\":\"Agenda tu cita en l\u00ednea o presencial con Clavel Insurance Services. Recibe atenci\u00f3n personalizada en impuestos, seguros y tr\u00e1mites DMV\",\"breadcrumb\":{\"@id\":\"https:\\\/\\\/clavelinsurance.com\\\/agendar-cita\\\/#breadcrumb\"},\"inLanguage\":\"en-US\",\"potentialAction\":[{\"@type\":\"ReadAction\",\"target\":[\"https:\\\/\\\/clavelinsurance.com\\\/agendar-cita\\\/\"]}]},{\"@type\":\"ImageObject\",\"inLanguage\":\"en-US\",\"@id\":\"https:\\\/\\\/clavelinsurance.com\\\/agendar-cita\\\/#primaryimage\",\"url\":\"https:\\\/\\\/clavelinsurance.com\\\/wp-content\\\/uploads\\\/2025\\\/09\\\/7.png\",\"contentUrl\":\"https:\\\/\\\/clavelinsurance.com\\\/wp-content\\\/uploads\\\/2025\\\/09\\\/7.png\",\"width\":2000,\"height\":1600},{\"@type\":\"BreadcrumbList\",\"@id\":\"https:\\\/\\\/clavelinsurance.com\\\/agendar-cita\\\/#breadcrumb\",\"itemListElement\":[{\"@type\":\"ListItem\",\"position\":1,\"name\":\"Inicio\",\"item\":\"https:\\\/\\\/clavelinsurance.com\\\/\"},{\"@type\":\"ListItem\",\"position\":2,\"name\":\"Agenda tu Cita\"}]},{\"@type\":\"WebSite\",\"@id\":\"https:\\\/\\\/clavelinsurance.com\\\/#website\",\"url\":\"https:\\\/\\\/clavelinsurance.com\\\/\",\"name\":\"Clavel Insurance\",\"description\":\"Clavel Insurance\",\"potentialAction\":[{\"@type\":\"SearchAction\",\"target\":{\"@type\":\"EntryPoint\",\"urlTemplate\":\"https:\\\/\\\/clavelinsurance.com\\\/?s={search_term_string}\"},\"query-input\":{\"@type\":\"PropertyValueSpecification\",\"valueRequired\":true,\"valueName\":\"search_term_string\"}}],\"inLanguage\":\"en-US\"}]}<\/script>\n<!-- \/ Yoast SEO plugin. -->","yoast_head_json":{"title":"Agendar Cita | Impuestos, Seguros y DMV en West Los \u00c1ngeles","description":"Agenda tu cita en l\u00ednea o presencial con Clavel Insurance Services. Recibe atenci\u00f3n personalizada en impuestos, seguros y tr\u00e1mites DMV","robots":{"index":"index","follow":"follow","max-snippet":"max-snippet:-1","max-image-preview":"max-image-preview:large","max-video-preview":"max-video-preview:-1"},"canonical":"https:\/\/clavelinsurance.com\/eng\/agendar-cita\/","og_locale":"en_US","og_type":"article","og_title":"Agendar Cita | Impuestos, Seguros y DMV en West Los \u00c1ngeles","og_description":"Agenda tu cita en l\u00ednea o presencial con Clavel Insurance Services. Recibe atenci\u00f3n personalizada en impuestos, seguros y tr\u00e1mites DMV","og_url":"https:\/\/clavelinsurance.com\/eng\/agendar-cita\/","og_site_name":"Clavel Insurance","article_modified_time":"2026-04-06T16:12:20+00:00","og_image":[{"width":2000,"height":1600,"url":"https:\/\/clavelinsurance.com\/wp-content\/uploads\/2025\/09\/7.png","type":"image\/png"}],"twitter_card":"summary_large_image","twitter_misc":{"Est. reading time":"1 minute"},"schema":{"@context":"https:\/\/schema.org","@graph":[{"@type":"WebPage","@id":"https:\/\/clavelinsurance.com\/agendar-cita\/","url":"https:\/\/clavelinsurance.com\/agendar-cita\/","name":"Agendar Cita | Impuestos, Seguros y DMV en West Los \u00c1ngeles","isPartOf":{"@id":"https:\/\/clavelinsurance.com\/#website"},"primaryImageOfPage":{"@id":"https:\/\/clavelinsurance.com\/agendar-cita\/#primaryimage"},"image":{"@id":"https:\/\/clavelinsurance.com\/agendar-cita\/#primaryimage"},"thumbnailUrl":"https:\/\/clavelinsurance.com\/wp-content\/uploads\/2025\/09\/7.png","datePublished":"2025-10-30T01:49:06+00:00","dateModified":"2026-04-06T16:12:20+00:00","description":"Agenda tu cita en l\u00ednea o presencial con Clavel Insurance Services. Recibe atenci\u00f3n personalizada en impuestos, seguros y tr\u00e1mites DMV","breadcrumb":{"@id":"https:\/\/clavelinsurance.com\/agendar-cita\/#breadcrumb"},"inLanguage":"en-US","potentialAction":[{"@type":"ReadAction","target":["https:\/\/clavelinsurance.com\/agendar-cita\/"]}]},{"@type":"ImageObject","inLanguage":"en-US","@id":"https:\/\/clavelinsurance.com\/agendar-cita\/#primaryimage","url":"https:\/\/clavelinsurance.com\/wp-content\/uploads\/2025\/09\/7.png","contentUrl":"https:\/\/clavelinsurance.com\/wp-content\/uploads\/2025\/09\/7.png","width":2000,"height":1600},{"@type":"BreadcrumbList","@id":"https:\/\/clavelinsurance.com\/agendar-cita\/#breadcrumb","itemListElement":[{"@type":"ListItem","position":1,"name":"Inicio","item":"https:\/\/clavelinsurance.com\/"},{"@type":"ListItem","position":2,"name":"Agenda tu Cita"}]},{"@type":"WebSite","@id":"https:\/\/clavelinsurance.com\/#website","url":"https:\/\/clavelinsurance.com\/","name":"Clavel Insurance","description":"Clavel Insurance","potentialAction":[{"@type":"SearchAction","target":{"@type":"EntryPoint","urlTemplate":"https:\/\/clavelinsurance.com\/?s={search_term_string}"},"query-input":{"@type":"PropertyValueSpecification","valueRequired":true,"valueName":"search_term_string"}}],"inLanguage":"en-US"}]}},"brizy_media":[{"id":449,"url":"https:\/\/clavelinsurance.com\/wp-content\/uploads\/2025\/09\/Imagen-de-WhatsApp-2025-09-09-a-las-10.37.24_c57bf62f-scaled.jpg","name":"Imagen-de-WhatsApp-2025-09-09-a-las-10.37.24_c57bf62f.jpg","meta":{"brizy_attachment_uid":"wp-53469be6ff506bf5263af4c87b90b956.jpg","brizy_post_uid":["9fb5e980e9fdb361f89634a4327a8c13","d9600d3b9b6562828a1f8e08170db07f"]}}],"_links":{"self":[{"href":"https:\/\/clavelinsurance.com\/eng\/wp-json\/wp\/v2\/pages\/1532","targetHints":{"allow":["GET"]}}],"collection":[{"href":"https:\/\/clavelinsurance.com\/eng\/wp-json\/wp\/v2\/pages"}],"about":[{"href":"https:\/\/clavelinsurance.com\/eng\/wp-json\/wp\/v2\/types\/page"}],"author":[{"embeddable":true,"href":"https:\/\/clavelinsurance.com\/eng\/wp-json\/wp\/v2\/users\/1"}],"replies":[{"embeddable":true,"href":"https:\/\/clavelinsurance.com\/eng\/wp-json\/wp\/v2\/comments?post=1532"}],"version-history":[{"count":30,"href":"https:\/\/clavelinsurance.com\/eng\/wp-json\/wp\/v2\/pages\/1532\/revisions"}],"predecessor-version":[{"id":1960,"href":"https:\/\/clavelinsurance.com\/eng\/wp-json\/wp\/v2\/pages\/1532\/revisions\/1960"}],"wp:featuredmedia":[{"embeddable":true,"href":"https:\/\/clavelinsurance.com\/eng\/wp-json\/wp\/v2\/media\/882"}],"wp:attachment":[{"href":"https:\/\/clavelinsurance.com\/eng\/wp-json\/wp\/v2\/media?parent=1532"}],"curies":[{"name":"wp","href":"https:\/\/api.w.org\/{rel}","templated":true}]}}