{"id":3,"date":"2025-09-05T01:25:57","date_gmt":"2025-09-05T01:25:57","guid":{"rendered":"http:\/\/clavelinsurance.com\/?page_id=3"},"modified":"2026-04-09T01:42:47","modified_gmt":"2026-04-09T08:42:47","slug":"politica-de-privacidad-terminos-condiciones","status":"publish","type":"page","link":"https:\/\/clavelinsurance.com\/eng\/politica-de-privacidad-terminos-condiciones\/","title":{"rendered":"Privacy Policy &#038; Terms Conditions"},"content":{"rendered":"<div class=\"brz brz-root__container brz-reset-all brz-root__container-page\">\n<section id=\"zUGof1ve1ZGP_zUGof1ve1ZGP\" class=\"brz-section brz-css-d-section brz-css-1ut05jc\">\n<div class=\"brz-section__content brz-section--boxed brz-css-d-sectionitem-bg brz-css-1laumwc\" data-brz-custom-id=\"eudMiGBdIx3Q\">\n<div class=\"brz-container brz-css-d-sectionitem-container brz-css-5m9mlm\">\n<div class=\"brz-row__container brz-css-d-row-row brz-css-1t9n1ud\" data-brz-custom-id=\"lCQafV7OraOX\">\n<div class=\"brz-row brz-css-d-row-container brz-css-r-row-container brz-css-q731yo\">\n<div class=\"brz-columns brz-css-d-column-column brz-css-1d663od\" data-brz-custom-id=\"zubGH1Z1Dx4O\">\n<div class=\"brz-column__items brz-css-d-column-bg brz-css-10j56xq\">\n<div id=\"\" class=\"brz-css-d-wrapper brz-css-1q7e3d9 brz-wrapper\">\n<div class=\"brz-rich-text brz-rich-text__custom brz-css-d-richtext brz-css-12uogts\" data-brz-custom-id=\"db6a03bZ7OMv\">\n<div data-brz-translate-text=\"1\">\n<p class=\"brz-text-xs-center brz-tp-lg-abovetitle brz-text-lg-left brz-text-sm-center brz-css-yp5AC\" data-generated-css=\"brz-css-n6IjW\" data-uniq-id=\"cowst\"><span class=\"brz-cp-color7\" style=\"opacity: 0.8\">UPDATED: 18 March 2026<\/span><\/p>\n<\/div>\n<\/div>\n<\/div>\n<div id=\"\" class=\"brz-css-d-wrapper brz-css-1m76g5z brz-wrapper\">\n<div class=\"brz-rich-text brz-rich-text__custom brz-css-d-richtext brz-css-30vsoo\" data-brz-custom-id=\"wn_FFyhMHrcB\">\n<div data-brz-translate-text=\"1\">\n<h1 class=\"brz-tp-lg-heading1 brz-fsft-lg-0 brz-fwdth-lg-100 brz-vfw-lg-400 brz-lh-lg-1_2 brz-ls-lg-0 brz-fw-lg-400 brz-fss-lg-px brz-fs-lg-53 brz-ft-google brz-ff-prata brz-text-lg-left brz-text-xs-center brz-text-sm-center brz-css-uDjKb\" data-uniq-id=\"pp5yE\" data-generated-css=\"brz-css-dEOhc\"><span class=\"brz-cp-color2\">Privacy Policy &amp; Terms and Conditions<\/span><\/h1>\n<\/div>\n<\/div>\n<\/div>\n<div id=\"\" class=\"brz-css-d-wrapper brz-css-1iimhbm brz-wrapper\">\n<div class=\"brz-rich-text brz-rich-text__custom brz-css-d-richtext brz-css-1wnhqjm\" data-brz-custom-id=\"flYzQCB5WOwE\">\n<div data-brz-translate-text=\"1\">\n<p class=\"brz-text-xs-center brz-text-lg-left brz-tp-lg-subtitle brz-text-sm-center brz-css-wCiiq\" data-uniq-id=\"zRC85\" data-generated-css=\"brz-css-kgiNS\"><span class=\"brz-cp-color7\">At <\/span><strong class=\"brz-cp-color7\">Clavel Insurance Services<\/strong><span class=\"brz-cp-color7\">, we protect your data with complete responsibility and transparency. Our policies and terms detail how we safeguard your information in accordance with California law.<\/span><\/p>\n<\/div>\n<\/div>\n<\/div>\n<div id=\"\" class=\"brz-css-d-wrapper brz-css-r-wrapper brz-css-saudau brz-wrapper\">\n<div class=\"brz-spacer brz-css-d-spacer brz-css-ysltsb\"><\/div>\n<\/div>\n<div class=\"brz-wrapper-clone brz-flex-xs-wrap brz-css-d-cloneable brz-css-14wt8rw\" data-brz-custom-id=\"cxgrt9U9p1ZE\"><a class=\"brz-a brz-btn brz-css-d-button brz-css-13a826d brz-css-d-button-bg brz-css-13ozao0\" target=\"_blank\" rel=\"noopener noreferrer\" href=\"https:\/\/clavelinsurance.com\/wp-content\/uploads\/2026\/03\/Privacy_Policy_Terms_Conditions_Clavel__ENG.pdf\" data-brz-link-type=\"upload\" data-brz-custom-id=\"fhleK8kTU8hb\"><span data-brz-translate-text=\"1\" class=\"brz-span brz-text__editor\">View Document<\/span><\/a><\/div>\n<\/div>\n<\/div>\n<div class=\"brz-columns brz-css-d-column-column brz-css-1ispyr4\" data-brz-custom-id=\"oYL68XSmtrRy\">\n<div class=\"brz-column__items brz-css-d-column-bg brz-css-1gnlhje\">\n<div id=\"\" class=\"brz-css-d-wrapper brz-css-1tg3yg8 brz-wrapper\">\n<div class=\"brz-image brz-css-d-image-b9a7yslvansh-parent brz-css-1k1l6d6\" data-brz-custom-id=\"b9A7ySlvAnsh\"><img decoding=\"async\" class=\"brz-img\" srcset=\"https:\/\/clavelinsurance.com\/?brizy_media=wp-bded5bfd117009b48fbe58de5a70721c.png&amp;brizy_crop=iW%3D335%26iH%3D268%26oX%3D2%26oY%3D0%26cW%3D331%26cH%3D268 1x, https:\/\/clavelinsurance.com\/?brizy_media=wp-bded5bfd117009b48fbe58de5a70721c.png&amp;brizy_crop=iW%3D670%26iH%3D536%26oX%3D4%26oY%3D0%26cW%3D662%26cH%3D536 2x\" src=\"https:\/\/clavelinsurance.com\/wp-content\/uploads\/brizy\/imgs\/FOTOS-CLAVEL.pngsdfg-346x277x7x0x333x277x1759116766.png\" loading=\"lazy\" alt=\"\" title=\"FOTOS CLAVEL.pngsdfg\"><\/div>\n<\/div>\n<\/div>\n<\/div>\n<\/div>\n<\/div>\n<\/div>\n<\/div>\n<\/section><\/div>\n<p><!-- version:1773899240 --><\/p>","protected":false},"excerpt":{"rendered":"<p>ACTUALIZADO: 18 Marzo 2026 Pol\u00edtica de Privacidad &amp; Terminos y Condiciones En Clavel Insurance Services, protegemos sus datos con total responsabilidad y transparencia. Nuestras pol\u00edticas y t\u00e9rminos detallan c\u00f3mo cuidamos su informaci\u00f3n conforme a las leyes de California. Ver Documento<\/p>","protected":false},"author":1,"featured_media":0,"parent":0,"menu_order":0,"comment_status":"closed","ping_status":"closed","template":"brizy-blank-template.php","meta":{"neve_meta_sidebar":"","neve_meta_container":"","neve_meta_enable_content_width":"","neve_meta_content_width":0,"neve_meta_title_alignment":"","neve_meta_author_avatar":"","neve_post_elements_order":"","neve_meta_disable_header":"","neve_meta_disable_footer":"","neve_meta_disable_title":"","footnotes":""},"class_list":["post-3","page","type-page","status-publish","hentry"],"yoast_head":"<!-- This site is optimized with the Yoast SEO plugin v27.4 - https:\/\/yoast.com\/product\/yoast-seo-wordpress\/ -->\n<title>Pol\u00edtica de Privacidad &amp; T\u00e9rminos Condiciones \u2013 Clavel Insurance<\/title>\n<meta name=\"description\" content=\"Consulta la pol\u00edtica de privacidad y T\u00e9rminos de Clavel Insurance y conoce c\u00f3mo protegemos y usamos tu informaci\u00f3n personal\" \/>\n<meta name=\"robots\" content=\"noindex, follow\" \/>\n<meta property=\"og:locale\" content=\"en_US\" \/>\n<meta property=\"og:type\" content=\"article\" \/>\n<meta property=\"og:title\" content=\"Pol\u00edtica de Privacidad &amp; T\u00e9rminos Condiciones \u2013 Clavel Insurance\" \/>\n<meta property=\"og:description\" content=\"Consulta la pol\u00edtica de privacidad y T\u00e9rminos de Clavel Insurance y conoce c\u00f3mo protegemos y usamos tu informaci\u00f3n personal\" \/>\n<meta property=\"og:url\" content=\"https:\/\/clavelinsurance.com\/eng\/politica-de-privacidad-terminos-condiciones\/\" \/>\n<meta property=\"og:site_name\" content=\"Clavel Insurance\" \/>\n<meta property=\"article:modified_time\" content=\"2026-04-09T08:42:47+00:00\" \/>\n<meta property=\"og:image\" content=\"https:\/\/clavelinsurance.com\/wp-content\/uploads\/brizy\/imgs\/FOTOS-CLAVEL.pngsdfg-346x277x7x0x333x277x1759116766.png\" \/>\n<meta name=\"twitter:card\" content=\"summary_large_image\" \/>\n<meta name=\"twitter:label1\" content=\"Est. reading time\" \/>\n\t<meta name=\"twitter:data1\" content=\"1 minute\" \/>\n<script type=\"application\/ld+json\" class=\"yoast-schema-graph\">{\"@context\":\"https:\\\/\\\/schema.org\",\"@graph\":[{\"@type\":\"WebPage\",\"@id\":\"https:\\\/\\\/clavelinsurance.com\\\/politica-de-privacidad-terminos-condiciones\\\/\",\"url\":\"https:\\\/\\\/clavelinsurance.com\\\/politica-de-privacidad-terminos-condiciones\\\/\",\"name\":\"Pol\u00edtica de Privacidad & T\u00e9rminos Condiciones \u2013 Clavel Insurance\",\"isPartOf\":{\"@id\":\"https:\\\/\\\/clavelinsurance.com\\\/#website\"},\"primaryImageOfPage\":{\"@id\":\"https:\\\/\\\/clavelinsurance.com\\\/politica-de-privacidad-terminos-condiciones\\\/#primaryimage\"},\"image\":{\"@id\":\"https:\\\/\\\/clavelinsurance.com\\\/politica-de-privacidad-terminos-condiciones\\\/#primaryimage\"},\"thumbnailUrl\":\"https:\\\/\\\/clavelinsurance.com\\\/wp-content\\\/uploads\\\/brizy\\\/imgs\\\/FOTOS-CLAVEL.pngsdfg-346x277x7x0x333x277x1759116766.png\",\"datePublished\":\"2025-09-05T01:25:57+00:00\",\"dateModified\":\"2026-04-09T08:42:47+00:00\",\"description\":\"Consulta la pol\u00edtica de privacidad y T\u00e9rminos de Clavel Insurance y conoce c\u00f3mo protegemos y usamos tu informaci\u00f3n personal\",\"breadcrumb\":{\"@id\":\"https:\\\/\\\/clavelinsurance.com\\\/politica-de-privacidad-terminos-condiciones\\\/#breadcrumb\"},\"inLanguage\":\"en-US\",\"potentialAction\":[{\"@type\":\"ReadAction\",\"target\":[\"https:\\\/\\\/clavelinsurance.com\\\/politica-de-privacidad-terminos-condiciones\\\/\"]}]},{\"@type\":\"ImageObject\",\"inLanguage\":\"en-US\",\"@id\":\"https:\\\/\\\/clavelinsurance.com\\\/politica-de-privacidad-terminos-condiciones\\\/#primaryimage\",\"url\":\"https:\\\/\\\/clavelinsurance.com\\\/wp-content\\\/uploads\\\/brizy\\\/imgs\\\/FOTOS-CLAVEL.pngsdfg-346x277x7x0x333x277x1759116766.png\",\"contentUrl\":\"https:\\\/\\\/clavelinsurance.com\\\/wp-content\\\/uploads\\\/brizy\\\/imgs\\\/FOTOS-CLAVEL.pngsdfg-346x277x7x0x333x277x1759116766.png\"},{\"@type\":\"BreadcrumbList\",\"@id\":\"https:\\\/\\\/clavelinsurance.com\\\/politica-de-privacidad-terminos-condiciones\\\/#breadcrumb\",\"itemListElement\":[{\"@type\":\"ListItem\",\"position\":1,\"name\":\"Inicio\",\"item\":\"https:\\\/\\\/clavelinsurance.com\\\/\"},{\"@type\":\"ListItem\",\"position\":2,\"name\":\"Privacy Policy &#038; Terms Conditions\"}]},{\"@type\":\"WebSite\",\"@id\":\"https:\\\/\\\/clavelinsurance.com\\\/#website\",\"url\":\"https:\\\/\\\/clavelinsurance.com\\\/\",\"name\":\"Clavel Insurance\",\"description\":\"Clavel Insurance\",\"potentialAction\":[{\"@type\":\"SearchAction\",\"target\":{\"@type\":\"EntryPoint\",\"urlTemplate\":\"https:\\\/\\\/clavelinsurance.com\\\/?s={search_term_string}\"},\"query-input\":{\"@type\":\"PropertyValueSpecification\",\"valueRequired\":true,\"valueName\":\"search_term_string\"}}],\"inLanguage\":\"en-US\"}]}<\/script>\n<!-- \/ Yoast SEO plugin. -->","yoast_head_json":{"title":"Pol\u00edtica de Privacidad & T\u00e9rminos Condiciones \u2013 Clavel Insurance","description":"Consulta la pol\u00edtica de privacidad y T\u00e9rminos de Clavel Insurance y conoce c\u00f3mo protegemos y usamos tu informaci\u00f3n personal","robots":{"index":"noindex","follow":"follow"},"og_locale":"en_US","og_type":"article","og_title":"Pol\u00edtica de Privacidad & T\u00e9rminos Condiciones \u2013 Clavel Insurance","og_description":"Consulta la pol\u00edtica de privacidad y T\u00e9rminos de Clavel Insurance y conoce c\u00f3mo protegemos y usamos tu informaci\u00f3n personal","og_url":"https:\/\/clavelinsurance.com\/eng\/politica-de-privacidad-terminos-condiciones\/","og_site_name":"Clavel Insurance","article_modified_time":"2026-04-09T08:42:47+00:00","og_image":[{"url":"https:\/\/clavelinsurance.com\/wp-content\/uploads\/brizy\/imgs\/FOTOS-CLAVEL.pngsdfg-346x277x7x0x333x277x1759116766.png","type":"","width":"","height":""}],"twitter_card":"summary_large_image","twitter_misc":{"Est. reading time":"1 minute"},"schema":{"@context":"https:\/\/schema.org","@graph":[{"@type":"WebPage","@id":"https:\/\/clavelinsurance.com\/politica-de-privacidad-terminos-condiciones\/","url":"https:\/\/clavelinsurance.com\/politica-de-privacidad-terminos-condiciones\/","name":"Pol\u00edtica de Privacidad & T\u00e9rminos Condiciones \u2013 Clavel Insurance","isPartOf":{"@id":"https:\/\/clavelinsurance.com\/#website"},"primaryImageOfPage":{"@id":"https:\/\/clavelinsurance.com\/politica-de-privacidad-terminos-condiciones\/#primaryimage"},"image":{"@id":"https:\/\/clavelinsurance.com\/politica-de-privacidad-terminos-condiciones\/#primaryimage"},"thumbnailUrl":"https:\/\/clavelinsurance.com\/wp-content\/uploads\/brizy\/imgs\/FOTOS-CLAVEL.pngsdfg-346x277x7x0x333x277x1759116766.png","datePublished":"2025-09-05T01:25:57+00:00","dateModified":"2026-04-09T08:42:47+00:00","description":"Consulta la pol\u00edtica de privacidad y T\u00e9rminos de Clavel Insurance y conoce c\u00f3mo protegemos y usamos tu informaci\u00f3n personal","breadcrumb":{"@id":"https:\/\/clavelinsurance.com\/politica-de-privacidad-terminos-condiciones\/#breadcrumb"},"inLanguage":"en-US","potentialAction":[{"@type":"ReadAction","target":["https:\/\/clavelinsurance.com\/politica-de-privacidad-terminos-condiciones\/"]}]},{"@type":"ImageObject","inLanguage":"en-US","@id":"https:\/\/clavelinsurance.com\/politica-de-privacidad-terminos-condiciones\/#primaryimage","url":"https:\/\/clavelinsurance.com\/wp-content\/uploads\/brizy\/imgs\/FOTOS-CLAVEL.pngsdfg-346x277x7x0x333x277x1759116766.png","contentUrl":"https:\/\/clavelinsurance.com\/wp-content\/uploads\/brizy\/imgs\/FOTOS-CLAVEL.pngsdfg-346x277x7x0x333x277x1759116766.png"},{"@type":"BreadcrumbList","@id":"https:\/\/clavelinsurance.com\/politica-de-privacidad-terminos-condiciones\/#breadcrumb","itemListElement":[{"@type":"ListItem","position":1,"name":"Inicio","item":"https:\/\/clavelinsurance.com\/"},{"@type":"ListItem","position":2,"name":"Privacy Policy &#038; Terms Conditions"}]},{"@type":"WebSite","@id":"https:\/\/clavelinsurance.com\/#website","url":"https:\/\/clavelinsurance.com\/","name":"Clavel Insurance","description":"Clavel Insurance","potentialAction":[{"@type":"SearchAction","target":{"@type":"EntryPoint","urlTemplate":"https:\/\/clavelinsurance.com\/?s={search_term_string}"},"query-input":{"@type":"PropertyValueSpecification","valueRequired":true,"valueName":"search_term_string"}}],"inLanguage":"en-US"}]}},"brizy_media":[{"id":906,"url":"https:\/\/clavelinsurance.com\/wp-content\/uploads\/2025\/09\/FOTOS-CLAVEL.pngsdfg.png","name":"FOTOS-CLAVEL.pngsdfg.png","meta":{"brizy_attachment_uid":"wp-bded5bfd117009b48fbe58de5a70721c.png","brizy_post_uid":["dc51fb50d62d45ec9a22b843504c09f1"]}}],"_links":{"self":[{"href":"https:\/\/clavelinsurance.com\/eng\/wp-json\/wp\/v2\/pages\/3","targetHints":{"allow":["GET"]}}],"collection":[{"href":"https:\/\/clavelinsurance.com\/eng\/wp-json\/wp\/v2\/pages"}],"about":[{"href":"https:\/\/clavelinsurance.com\/eng\/wp-json\/wp\/v2\/types\/page"}],"author":[{"embeddable":true,"href":"https:\/\/clavelinsurance.com\/eng\/wp-json\/wp\/v2\/users\/1"}],"replies":[{"embeddable":true,"href":"https:\/\/clavelinsurance.com\/eng\/wp-json\/wp\/v2\/comments?post=3"}],"version-history":[{"count":30,"href":"https:\/\/clavelinsurance.com\/eng\/wp-json\/wp\/v2\/pages\/3\/revisions"}],"predecessor-version":[{"id":1955,"href":"https:\/\/clavelinsurance.com\/eng\/wp-json\/wp\/v2\/pages\/3\/revisions\/1955"}],"wp:attachment":[{"href":"https:\/\/clavelinsurance.com\/eng\/wp-json\/wp\/v2\/media?parent=3"}],"curies":[{"name":"wp","href":"https:\/\/api.w.org\/{rel}","templated":true}]}}